{"id":520,"date":"2025-11-06T12:20:58","date_gmt":"2025-11-06T12:20:58","guid":{"rendered":"https:\/\/grapastudio.net\/?page_id=520"},"modified":"2026-01-26T08:43:49","modified_gmt":"2026-01-26T08:43:49","slug":"politica-de-cookies","status":"publish","type":"page","link":"https:\/\/grapastudio.net\/es\/politica-de-cookies\/","title":{"rendered":"Pol\u00edtica de Cookies"},"content":{"rendered":"<h2 class=\"wp-block-heading\">Apartat 1<\/h2>\n\n\n\n<p>Una cookie \u00e9s un petit arxiu de text que s\u2019emmagatzema al seu navegador quan visita gaireb\u00e9 qualsevol p\u00e0gina web. La seva utilitat \u00e9s que la web sigui capa\u00e7 de recordar la seva visita quan torni a navegar per aquesta p\u00e0gina. Les cookies solen emmagatzemar informaci\u00f3 de car\u00e0cter t\u00e8cnic, prefer\u00e8ncies personals, personalitzaci\u00f3 de continguts, estad\u00edstiques d\u2019\u00fas, enlla\u00e7os a xarxes socials, acc\u00e9s a comptes d\u2019usuari, etc. L\u2019objectiu de la cookie \u00e9s adaptar el contingut de la web al seu perfil i necessitats, sense cookies els serveis oferts per qualsevol p\u00e0gina es veurien minvats notablement. Si desitja consultar m\u00e9s informaci\u00f3 sobre qu\u00e8 s\u00f3n les cookies, qu\u00e8 emmagatzemen, com eliminar-les, desactivar-les, etc., li preguem que es dirigeixi a aquest enlla\u00e7. (apartat 2)<\/p>\n\n\n\n<h2 class=\"wp-block-heading\">Cookies utilitzades en aquest lloc web<\/h2>\n\n\n\n<p>Seguint les directrius de l\u2019Ag\u00e8ncia Espanyola de Protecci\u00f3 de Dades procedim a detallar l\u2019\u00fas de cookies que fa aquesta web per informar-lo amb la m\u00e0xima exactitud possible.<\/p>\n\n\n\n<p>Aquest lloc web utilitza les cookies pr\u00f2pies:<br>Cookies de sessi\u00f3, per garantir que els usuaris que escriuen comentaris al teu blog siguin humans i no aplicacions automatitzades. D\u2019aquesta manera es combat el spam.<\/p>\n\n\n\n<p>Aquest lloc web utilitza les cookies de tercers seg\u00fcents:<br>Google Analytics: Emmagatzema cookies per poder elaborar estad\u00edstiques sobre el tr\u00e0nsit i volum de visites d\u2019aquesta web. En utilitzar aquest lloc web est\u00e0 consentint el tractament d\u2019informaci\u00f3 sobre vost\u00e8 per Google. Per tant, l\u2019exercici de qualsevol dret en aquest sentit haur\u00e0 de fer-lo comunicant directament amb Google.<\/p>\n\n\n\n<p>Xarxes socials: Cada xarxa social utilitza les seves pr\u00f2pies cookies perqu\u00e8 pugui fer clic en botons del tipus M\u2019agrada o Compartir.<\/p>\n\n\n\n<p>YouTube<br>X (Twitter)<br>Instagram<br>Facebook<\/p>\n\n\n\n<p>Aix\u00ed mateix \u00e9s possible que en visitar alguna p\u00e0gina web o en obrir algun correu electr\u00f2nic on es publiqui algun anunci o promoci\u00f3 sobre els nostres serveis o productes, s\u2019instal\u00b7li al navegador alguna cookie que ens serveix per mostrar posteriorment publicitat relacionada amb la cerca que hagi realitzat, desenvolupar un control dels nostres anuncis en relaci\u00f3, per exemple, amb el nombre de vegades que s\u00f3n vistos, on apareixen, a quina hora es veuen, etc.<\/p>\n\n\n\n<h2 class=\"wp-block-heading\">Desactivaci\u00f3 o eliminaci\u00f3 de cookies<\/h2>\n\n\n\n<p>En qualsevol moment podr\u00e0 exercir el seu dret de desactivaci\u00f3 o eliminaci\u00f3 de cookies d\u2019aquest lloc web. Aquestes accions es realitzen de forma diferent en funci\u00f3 del navegador que utilitzi. Aqu\u00ed li deixem una guia r\u00e0pida per als navegadors m\u00e9s populars. (apartat 3)<\/p>\n\n\n\n<h2 class=\"wp-block-heading\">Notes addicionals<\/h2>\n\n\n\n<p>Ni aquesta web ni els seus representants legals es fan responsables ni del contingut ni de la veracitat de les pol\u00edtiques de privadesa que puguin tenir els tercers esmentats en aquesta pol\u00edtica de cookies.<\/p>\n\n\n\n<p>Els navegadors web s\u00f3n les eines encarregades d\u2019emmagatzemar les cookies i des d\u2019aquest lloc ha d\u2019efectuar el dret a eliminar-lo o desactivar-lo. Ni aquesta web ni els seus representants legals poden garantir la correcta o incorrecta manipulaci\u00f3 de les cookies per part d\u2019aquests navegadors.<\/p>\n\n\n\n<p>En alguns casos \u00e9s necessari instal\u00b7lar cookies perqu\u00e8 el navegador no oblidi la seva decisi\u00f3 de no acceptar-les.<\/p>\n\n\n\n<p>En el cas de les cookies de Google Analytics, aquesta empresa emmagatzema les cookies en servidors ubicats als Estats Units i es compromet a no compartir-la amb tercers, llevat dels casos en qu\u00e8 sigui necessari per al funcionament del sistema o quan la llei obligui a tal efecte. Google Inc. \u00e9s una companyia que compleix l\u2019Escut de la privadesa, que garanteix que totes les dades transferides seran tractades amb un nivell de protecci\u00f3 d\u2019acord amb la normativa europea. Pot consultar informaci\u00f3 detallada en aquest enlla\u00e7 (1). Si desitja informaci\u00f3 sobre l\u2019\u00fas que Google Analytics fa de les cookies li adjuntem aquest altre enlla\u00e7 (2).<\/p>\n\n\n\n<p>Per a qualsevol dubte o consulta sobre aquesta pol\u00edtica de cookies no dubti en comunicar-se amb nosaltres a trav\u00e9s de la secci\u00f3 de contacte.<\/p>\n\n\n\n<h2 class=\"wp-block-heading\">Apartat 2<\/h2>\n\n\n\n<p>M\u00e9s informaci\u00f3 sobre les cookies<\/p>\n\n\n\n<h2 class=\"wp-block-heading\">Qu\u00e8 \u00e9s una cookie?<\/h2>\n\n\n\n<p>Una cookie \u00e9s un arxiu de text inofensiu que s\u2019emmagatzema al navegador quan visita gaireb\u00e9 qualsevol p\u00e0gina web. La utilitat de les cookies que la web sigui capa\u00e7 de recordar la seva visita quan torni a navegar per aquesta p\u00e0gina. Encara que molta gent no ho sap les galetes es porten utilitzant des de fa 20 anys, quan van apar\u00e8ixer els primers navegadors per a la World Wide Web.<\/p>\n\n\n\n<h2 class=\"wp-block-heading\">Qu\u00e8 NO \u00c9S una galeta?<\/h2>\n\n\n\n<p>No \u00e9s un virus, ni un troi\u00e0, ni un cuc, ni spam, ni spyware, ni obre finestres pop-up.<\/p>\n\n\n\n<h2 class=\"wp-block-heading\">Quina informaci\u00f3 emmagatzema una cookie?<\/h2>\n\n\n\n<p>Les cookies no solen emmagatzemar informaci\u00f3 sensible sobre vost\u00e8, com ara targetes de cr\u00e8dit o dades banc\u00e0ries, fotografies, el seu DNI o informaci\u00f3 personal, etc. Les dades que guarden s\u00f3n de car\u00e0cter t\u00e8cnic, prefer\u00e8ncies personals, personalitzaci\u00f3 de continguts, etc.<\/p>\n\n\n\n<p>El servidor web no l\u2019associa a vost\u00e8 com a persona sin\u00f3 al seu navegador web. De fet, si vost\u00e8 navega habitualment amb Internet Explorer i intenta navegar per la mateixa web amb Firefox o Chrome veur\u00e0 que la web no es d\u00f3na compte que vost\u00e8 \u00e9s la mateixa persona perqu\u00e8 en realitat est\u00e0 associant el navegador, no la persona.<\/p>\n\n\n\n<h2 class=\"wp-block-heading\">Quin tipus de cookies existeixen?<\/h2>\n\n\n\n<p>Cookies t\u00e8cniques : S\u00f3n les m\u00e9s elementals i permeten, entre altres coses, saber quan est\u00e0 navegant un hum\u00e0 o una aplicaci\u00f3 automatitzada, quan navega un usuari an\u00f2nim i un registrat, tasques b\u00e0siques per al funcionament de qualsevol web din\u00e0mica.<\/p>\n\n\n\n<p>Cookies d\u2019an\u00e0lisi : recullen informaci\u00f3 sobre el tipus de navegaci\u00f3 que est\u00e0 realitzant, les seccions que m\u00e9s utilitza, productes consultats, franja hor\u00e0ria d\u2019\u00fas, idioma, etc.<\/p>\n\n\n\n<p>Cookies publicit\u00e0ries : Mostren publicitat en funci\u00f3 de la seva navegaci\u00f3, el seu pa\u00eds de proced\u00e8ncia, idioma, etc.<\/p>\n\n\n\n<h2 class=\"wp-block-heading\">Qu\u00e8 s\u00f3n les cookies pr\u00f2pies i les de tercers?<\/h2>\n\n\n\n<p>Les cookies pr\u00f2pies s\u00f3n generades per la p\u00e0gina que est\u00e0 visitant i les de tercers s\u00f3n les generades per serveis o prove\u00efdors externs com Facebook, Twitter, Google, etc.<\/p>\n\n\n\n<h2 class=\"wp-block-heading\">Qu\u00e8 passa si desactiva les cookies?<\/h2>\n\n\n\n<p>Perqu\u00e8 entengui l\u2019abast que pot tenir desactivar les cookies li mostrem uns exemples:<\/p>\n\n\n\n<p>No podr\u00e0 compartir continguts d\u2019aquesta web a Facebook, Twitter o qualsevol altra xarxa social.<\/p>\n\n\n\n<p>El lloc web no podr\u00e0 adaptar els continguts a les seves prefer\u00e8ncies personals, com sol passar a les botigues en l\u00ednia.<\/p>\n\n\n\n<p>No podr\u00e0 accedir a l\u2019\u00e0rea personal d\u2019aquesta web, com El meu compte, El meu perfil o Les meves comandes.<\/p>\n\n\n\n<p>Botigues en l\u00ednia: Li ser\u00e0 impossible realitzar compres en l\u00ednia, hauran de ser telef\u00f2niques o visitant la botiga f\u00edsica si \u00e9s que disposa.<\/p>\n\n\n\n<p>No ser\u00e0 possible personalitzar les seves prefer\u00e8ncies geogr\u00e0fiques com franja hor\u00e0ria, divisa o idioma.<\/p>\n\n\n\n<p>El lloc web no podr\u00e0 realitzar anal\u00edtiques web sobre visitants i tr\u00e0nsit a la web, la qual cosa dificultar\u00e0 que la web sigui competitiva.<\/p>\n\n\n\n<p>No podr\u00e0 escriure al blog, no podr\u00e0 pujar fotos, publicar comentaris, valorar o puntuar continguts. La web tampoc podr\u00e0 saber si vost\u00e8 \u00e9s un hum\u00e0 o una aplicaci\u00f3 automatitzada que publica spam.<\/p>\n\n\n\n<p>No podr\u00e0 mostrar-se publicitat sectoritzada, la qual cosa reduir\u00e0 els ingressos publicitaris de la web.<\/p>\n\n\n\n<p>Totes les xarxes socials utilitzen cookies, si les desactiva no podr\u00e0 utilitzar cap xarxa social.<\/p>\n\n\n\n<h2 class=\"wp-block-heading\">Es poden eliminar cookies?<\/h2>\n\n\n\n<p>S\u00ed. No nom\u00e9s eliminar, tamb\u00e9 bloquejar, de forma general o particular per a un domini espec\u00edfic.<\/p>\n\n\n\n<p>Per eliminar les cookies d\u2019un lloc web ha d\u2019anar a la configuraci\u00f3 del seu navegador i all\u00e0 podr\u00e0 buscar les associades al domini en q\u00fcesti\u00f3 i procedir a la seva eliminaci\u00f3.<\/p>\n\n\n\n<h2 class=\"wp-block-heading\">Apartat 3<\/h2>\n\n\n\n<p>Configuraci\u00f3 de cookies per als navegadors m\u00e9s populars<\/p>\n\n\n\n<p>A continuaci\u00f3 li indiquem com accedir a una cookie determinada del navegador Chrome.<br>Nota: aquests passos poden variar en funci\u00f3 de la versi\u00f3 del navegador:<\/p>\n\n\n\n<ol class=\"wp-block-list\">\n<li>Vagi a Configuraci\u00f3 o Prefer\u00e8ncies mitjan\u00e7ant el men\u00fa Arxiu o prement la icona de personalitzaci\u00f3 que apareix a dalt a la dreta.<\/li>\n\n\n\n<li>Veureu diferents seccions, premi l\u2019opci\u00f3 Mostrar opcions avan\u00e7ades.<\/li>\n\n\n\n<li>Vagi a Privacitat, Configuraci\u00f3 de contingut.<\/li>\n\n\n\n<li>Seleccioni Totes les cookies i les dades de llocs.<\/li>\n\n\n\n<li>Apareixer\u00e0 un llistat amb totes les cookies ordenades per domini. Perqu\u00e8 li sigui m\u00e9s f\u00e0cil trobar les cookies d\u2019un determinat domini introdueixi parcialment o totalment l\u2019adre\u00e7a al camp Cercar cookies.<\/li>\n<\/ol>\n\n\n\n<p>Despr\u00e9s de realitzar aquest filtre apareixeran a la pantalla una o diverses l\u00ednies amb les cookies de la web sol\u00b7licitada. Ara nom\u00e9s ha de seleccionar-la i pr\u00e9mer la X per procedir a la seva eliminaci\u00f3.<\/p>\n\n\n\n<p>Per accedir a la configuraci\u00f3 de cookies del navegador Firefox segueixi aquests passos (poden variar en funci\u00f3 de la versi\u00f3 del navegador):<\/p>\n\n\n\n<ol class=\"wp-block-list\">\n<li>Vagi a Opcions o Prefer\u00e8ncies segons el seu sistema operatiu.<\/li>\n\n\n\n<li>Faci clic a Privacitat.<\/li>\n\n\n\n<li>A Historial tri\u00ef Fer servir una configuraci\u00f3 personalitzada per a l\u2019historial.<\/li>\n\n\n\n<li>Ara veur\u00e0 l\u2019opci\u00f3 Acceptar cookies, pot activar-la o desactivar-la segons les seves prefer\u00e8ncies.<\/li>\n<\/ol>\n\n\n\n<p>Per accedir a la configuraci\u00f3 de cookies del navegador Safari per OSX segueixi aquests passos (poden variar en funci\u00f3 de la versi\u00f3 del navegador):<\/p>\n\n\n\n<ol class=\"wp-block-list\">\n<li>Vagi a Prefer\u00e8ncies, despr\u00e9s Privacitat.<\/li>\n\n\n\n<li>En aquest lloc veur\u00e0 l\u2019opci\u00f3 Bloquejar cookies perqu\u00e8 ajusti el tipus de bloqueig que desitja realitzar.<\/li>\n<\/ol>\n\n\n\n<p>Per accedir a la configuraci\u00f3 de cookies del navegador Safari per iOS segueixi aquests passos (poden variar en funci\u00f3 de la versi\u00f3 del navegador):<\/p>\n\n\n\n<ol class=\"wp-block-list\">\n<li>Vagi a Configuraci\u00f3, despr\u00e9s Safari.<\/li>\n\n\n\n<li>Vagi a Privacitat i Seguretat, veur\u00e0 l\u2019opci\u00f3 Bloquejar cookies perqu\u00e8 ajusti el tipus de bloqueig que desitja realitzar.<\/li>\n<\/ol>\n\n\n\n<p>Per accedir a la configuraci\u00f3 de cookies del navegador per a dispositius Android segueixi aquests passos (poden variar en funci\u00f3 de la versi\u00f3 del navegador):<\/p>\n\n\n\n<ol class=\"wp-block-list\">\n<li>Executi el navegador i premi la tecla Men\u00fa, despr\u00e9s Configuraci\u00f3.<\/li>\n\n\n\n<li>Vagi a Seguretat i Privacitat, veur\u00e0 l\u2019opci\u00f3 Acceptar cookies perqu\u00e8 activi o desactivi la casella.<\/li>\n<\/ol>\n\n\n\n<p>Per accedir a la configuraci\u00f3 de cookies del navegador per a dispositius Windows Phone segueixi aquests passos (poden variar en funci\u00f3 de la versi\u00f3 del navegador):<\/p>\n\n\n\n<ol class=\"wp-block-list\">\n<li>Obri el navegador, despr\u00e9s M\u00e9s, despr\u00e9s Configuraci\u00f3.<\/li>\n\n\n\n<li>Ara pot activar o desactivar la casella Permetre cookies.<\/li>\n<\/ol>","protected":false},"excerpt":{"rendered":"<p>Apartat 1 Una cookie \u00e9s un petit arxiu de text que s\u2019emmagatzema al seu navegador quan visita gaireb\u00e9 qualsevol p\u00e0gina web. La seva utilitat \u00e9s que la web sigui capa\u00e7 de recordar la seva visita quan torni a navegar per aquesta p\u00e0gina. Les cookies solen emmagatzemar informaci\u00f3 de car\u00e0cter t\u00e8cnic, prefer\u00e8ncies personals, personalitzaci\u00f3 de continguts, [&hellip;]<\/p>\n","protected":false},"author":4,"featured_media":0,"parent":0,"menu_order":0,"comment_status":"closed","ping_status":"closed","template":"","meta":{"_acf_changed":false,"footnotes":""},"class_list":["post-520","page","type-page","status-publish","hentry"],"acf":[],"_links":{"self":[{"href":"https:\/\/grapastudio.net\/es\/wp-json\/wp\/v2\/pages\/520","targetHints":{"allow":["GET"]}}],"collection":[{"href":"https:\/\/grapastudio.net\/es\/wp-json\/wp\/v2\/pages"}],"about":[{"href":"https:\/\/grapastudio.net\/es\/wp-json\/wp\/v2\/types\/page"}],"author":[{"embeddable":true,"href":"https:\/\/grapastudio.net\/es\/wp-json\/wp\/v2\/users\/4"}],"replies":[{"embeddable":true,"href":"https:\/\/grapastudio.net\/es\/wp-json\/wp\/v2\/comments?post=520"}],"version-history":[{"count":3,"href":"https:\/\/grapastudio.net\/es\/wp-json\/wp\/v2\/pages\/520\/revisions"}],"predecessor-version":[{"id":670,"href":"https:\/\/grapastudio.net\/es\/wp-json\/wp\/v2\/pages\/520\/revisions\/670"}],"wp:attachment":[{"href":"https:\/\/grapastudio.net\/es\/wp-json\/wp\/v2\/media?parent=520"}],"curies":[{"name":"wp","href":"https:\/\/api.w.org\/{rel}","templated":true}]}}