{"id":519,"date":"2025-11-06T12:20:44","date_gmt":"2025-11-06T12:20:44","guid":{"rendered":"https:\/\/grapastudio.net\/?page_id=519"},"modified":"2026-01-26T08:44:26","modified_gmt":"2026-01-26T08:44:26","slug":"politica-de-privacitat","status":"publish","type":"page","link":"https:\/\/grapastudio.net\/es\/politica-de-privacitat\/","title":{"rendered":"Pol\u00edtica de privacidad"},"content":{"rendered":"<h2 class=\"wp-block-heading\">1.- INFORMACI\u00d3 A L\u2019USUARI<\/h2>\n\n\n\n<p>El lloc web informa els usuaris del lloc web sobre la seva pol\u00edtica respecte al tractament i protecci\u00f3 de les dades de car\u00e0cter personal dels usuaris i clients que puguin ser sol\u00b7licitats per la navegaci\u00f3 a trav\u00e9s del seu lloc web. El lloc web \u00e9s el Responsable del tractament de les dades personals de l\u2019usuari, per la qual cosa se li facilita la seg\u00fcent informaci\u00f3 referent al tractament de les seves dades:&nbsp;<strong>Criteris de conservaci\u00f3 de les dades<\/strong>&nbsp;: Les dades personals proporcionades es conservaran fins que no es sol\u00b7liciti la suspensi\u00f3 per part de l\u2019interessat, exercint els seus drets sobre les dades, i en qualsevol cas en compliment de terminis legals de prescripci\u00f3 que li siguin aplicables.&nbsp;<strong>Drets dels interessats<\/strong>&nbsp;:<\/p>\n\n\n\n<ul class=\"wp-block-list\">\n<li>Dret a retirar el seu consentiment en qualsevol moment.<\/li>\n\n\n\n<li>Dret d\u2019acc\u00e9s, rectificaci\u00f3, supressi\u00f3, portabilitat de les seves dades i la limitaci\u00f3 o oposici\u00f3 del seu tractament, aix\u00ed com no ser objecte de decisions individuals automatitzades.<\/li>\n<\/ul>\n\n\n\n<p><strong>Dades de contacte per exercir els seus drets<\/strong>&nbsp;: S\u2019ha d\u2019identificar degudament i sol\u00b7licitar clarament el dret d\u2019exercir.<\/p>\n\n\n\n<p><strong>Grapa Studio<br>C. Torrent d&#039;en Baiell, 21 <br \/>\r\n08181, Sentmenat (BCN)<\/strong><\/p>\n\n\n\n<p><strong>Tel. 916 923 273<br>E-mail: hola@grapastudio.net<\/strong><\/p>\n\n\n\n<h2 class=\"wp-block-heading\">2.- INFORMACI\u00d3 FACILITADA PER L\u2019USUARI<\/h2>\n\n\n\n<p>Si \u00e9s menor de 18 anys no est\u00e0 perm\u00e8s l\u2019\u00fas de formularis a la nostra web. Els Usuaris, introduint les seves dades als formularis de contacte o presentats en formularis de desc\u00e0rrega, accepten expressament i de forma lliure i inequ\u00edvoca, que les seves dades s\u00f3n necess\u00e0ries per atendre la seva petici\u00f3, per part del Responsable, essent volunt\u00e0ria la inclusi\u00f3 de dades als camps restants. L\u2019Usuari garanteix que les dades personals facilitades s\u00f3n veraces i es fa responsable de comunicar qualsevol modificaci\u00f3. Totes les dades sol\u00b7licitades a trav\u00e9s del lloc web s\u00f3n necess\u00e0ries per prestar un servei \u00f2ptim a l\u2019Usuari. En cas que no siguin facilitades totes les dades, no es garanteix que la informaci\u00f3 i serveis que El Responsable li faciliti, siguin completament ajustats a les seves necessitats.<\/p>\n\n\n\n<h2 class=\"wp-block-heading\">3.- MESURES DE SEGURETAT<\/h2>\n\n\n\n<p>Que de conformitat amb el que disposen les normatives vigents en mat\u00e8ria de protecci\u00f3 de dades personals, El Responsable est\u00e0 complint amb totes les disposicions de les normatives RGPD i LOPD per al tractament de les dades personals de la seva responsabilitat, les quals s\u00f3n tractades de forma l\u00edcita, lleial i transparent en relaci\u00f3 amb l\u2019interessat i adequades, pertinents i limitades al necessari en relaci\u00f3 amb les finalitats per a les quals s\u00f3n tractades. El Responsable garanteix que ha implementat pol\u00edtiques t\u00e8cniques i organitzatives apropiades per aplicar les mesures de seguretat que estableixen el RGPD i la LOPD per protegir els drets i llibertats dels Usuaris i els ha comunicat la informaci\u00f3 adequada perqu\u00e8 puguin exercir-los.<\/p>\n\n\n\n<h2 class=\"wp-block-heading\">4.- BRETXES DE SEGURETAT<\/h2>\n\n\n\n<p>El Responsable informar\u00e0 sobre qualsevol bretxa de seguretat que afecti la base de dades que utilitza aquest lloc web, o que afecti qualsevol dels nostres serveis de tercers, totes i cadascuna de les persones, dades de les quals puguin haver estat afectades, i autoritats, dins de les 72 hores seg\u00fcents a la detecci\u00f3 de la bretxa.<\/p>\n\n\n\n<h2 class=\"wp-block-heading\">LEGISLACI\u00d3 APLICABLE I JURISDICCI\u00d3<\/h2>\n\n\n\n<p>Per a la resoluci\u00f3 de totes les controv\u00e8rsies o q\u00fcestions relacionades amb el present lloc web o de les activitats que es desenvolupin, ser\u00e0 d\u2019aplicaci\u00f3 la legislaci\u00f3 espanyola, a la qual se sotmeten expressament les parts, essent competents per a la resoluci\u00f3 de tots els conflictes derivats o relacionats amb l\u2019\u00fas dels Jutjats i Tribunals de Barcelona.<\/p>","protected":false},"excerpt":{"rendered":"<p>1.- INFORMACI\u00d3 A L\u2019USUARI El lloc web informa els usuaris del lloc web sobre la seva pol\u00edtica respecte al tractament i protecci\u00f3 de les dades de car\u00e0cter personal dels usuaris i clients que puguin ser sol\u00b7licitats per la navegaci\u00f3 a trav\u00e9s del seu lloc web. El lloc web \u00e9s el Responsable del tractament de les [&hellip;]<\/p>\n","protected":false},"author":4,"featured_media":0,"parent":0,"menu_order":0,"comment_status":"closed","ping_status":"closed","template":"","meta":{"_acf_changed":false,"footnotes":""},"class_list":["post-519","page","type-page","status-publish","hentry"],"acf":[],"_links":{"self":[{"href":"https:\/\/grapastudio.net\/es\/wp-json\/wp\/v2\/pages\/519","targetHints":{"allow":["GET"]}}],"collection":[{"href":"https:\/\/grapastudio.net\/es\/wp-json\/wp\/v2\/pages"}],"about":[{"href":"https:\/\/grapastudio.net\/es\/wp-json\/wp\/v2\/types\/page"}],"author":[{"embeddable":true,"href":"https:\/\/grapastudio.net\/es\/wp-json\/wp\/v2\/users\/4"}],"replies":[{"embeddable":true,"href":"https:\/\/grapastudio.net\/es\/wp-json\/wp\/v2\/comments?post=519"}],"version-history":[{"count":6,"href":"https:\/\/grapastudio.net\/es\/wp-json\/wp\/v2\/pages\/519\/revisions"}],"predecessor-version":[{"id":672,"href":"https:\/\/grapastudio.net\/es\/wp-json\/wp\/v2\/pages\/519\/revisions\/672"}],"wp:attachment":[{"href":"https:\/\/grapastudio.net\/es\/wp-json\/wp\/v2\/media?parent=519"}],"curies":[{"name":"wp","href":"https:\/\/api.w.org\/{rel}","templated":true}]}}