{"id":465,"date":"2025-11-06T08:37:52","date_gmt":"2025-11-06T08:37:52","guid":{"rendered":"https:\/\/grapastudio.net\/?page_id=465"},"modified":"2026-01-26T08:43:25","modified_gmt":"2026-01-26T08:43:25","slug":"avis-legal","status":"publish","type":"page","link":"https:\/\/grapastudio.net\/es\/avis-legal\/","title":{"rendered":"Aviso legal"},"content":{"rendered":"<h2 class=\"wp-block-heading\">Responsable del tractament de les dades<\/h2>\n\n\n\n<p>En compliment del deure d\u2019informaci\u00f3 que estableix la Llei 34\/2002, de l\u201911 de juliol, de Serveis de la Societat de la Informaci\u00f3 i del Comer\u00e7 Electr\u00f2nic, li comuniquem que aquesta web \u00e9s titularitat de:<\/p>\n\n\n\n<p><strong>Grapa Studio<br>C. Torrent d&#039;en Baiell, 21 <br \/>\r\n08181, Sentmenat (BCN)<\/strong><\/p>\n\n\n\n<p><strong>Tel. 916 923 273<br>E-mail: hola@grapastudio.net<\/strong><\/p>\n\n\n\n<h2 class=\"wp-block-heading\">Objecte<\/h2>\n\n\n\n<p>El Responsable posa a disposici\u00f3 dels usuaris aquest document amb el qual es pret\u00e9n donar compliment del que disposa la normativa vigent en mat\u00e8ria de protecci\u00f3 de dades, i en el context del nou marc normatiu establert en virtut del que disposa el Reglament (UE ) 2016\/679 del Parlament Europeu i del Consell, de 27 d\u2019abril de 2016, relatiu a la protecci\u00f3 de les persones f\u00edsiques pel que fa al tractament de dades personals i la lliure circulaci\u00f3 d\u2019aquestes dades (d\u2019ara endavant, el \u201cRGPD\u201d), i la normativa nacional en mat\u00e8ria de protecci\u00f3 de dades de car\u00e0cter personal, aix\u00ed com informar a tots els usuaris del lloc web respecte a quines s\u00f3n les condicions d\u2019\u00fas del mateix.<\/p>\n\n\n\n<p>Tota persona que accedeixi a aquest lloc web assumeix el paper d\u2019usuari, comprometent-se a l\u2019observan\u00e7a i compliment rigor\u00f3s de les disposicions aqu\u00ed disposades, aix\u00ed com a qualsevol altra disposici\u00f3 legal que sigui aplicable.<\/p>\n\n\n\n<p>El Responsable es reserva el dret a modificar qualsevol tipus d\u2019informaci\u00f3 que pogu\u00e9s apar\u00e8ixer al lloc web, sense que hi hagi obligaci\u00f3 d\u2019avisar pr\u00e8viament o posar en coneixement dels usuaris aquestes obligacions, entenent-se com a suficient amb la publicaci\u00f3 al lloc web del Responsable.<\/p>\n\n\n\n<h2 class=\"wp-block-heading\">Responsabilitat<\/h2>\n\n\n\n<p>El Responsable s\u2019eximeix de qualsevol tipus de responsabilitat derivada de la informaci\u00f3 publicada al seu lloc web, sempre que aquesta informaci\u00f3 hagi estat manipulada o introdu\u00efda per un tercer ali\u00e8 al mateix.<\/p>\n\n\n\n<h2 class=\"wp-block-heading\">Adreces IP<\/h2>\n\n\n\n<p>Els servidors del lloc web podran detectar autom\u00e0ticament l\u2019adre\u00e7a IP i el nom de domini utilitzats per l\u2019usuari.<\/p>\n\n\n\n<p>Una adre\u00e7a IP \u00e9s un n\u00famero assignat autom\u00e0ticament a un ordinador quan aquest es connecta a Internet. Tota aquesta informaci\u00f3 est\u00e0 registrada en un arxiu d\u2019activitat del servidor, degudament inscrit, que permet el processament posterior de les dades per obtenir mesures \u00fanicament estad\u00edstiques que permetin con\u00e8ixer el nombre d\u2019impressions de p\u00e0gines, el nombre de visites realitzades als servidors web, ordre de visites, punt d\u2019acc\u00e9s, etc.<\/p>\n\n\n\n<h2 class=\"wp-block-heading\">Pol\u00edtica d\u2019enlla\u00e7os<\/h2>\n\n\n\n<p>Des del present lloc web \u00e9s possible que es redirigeixi a continguts de tercers llocs web. At\u00e8s que El Responsable no pot controlar sempre els continguts introdu\u00efts pels tercers als seus llocs web, aquest no assumeix cap tipus de responsabilitat respecte a aquests continguts. En tot cas, El Responsable manifesta que procedir\u00e0 a la retirada immediata de qualsevol contingut que pogu\u00e9s contravenir la legislaci\u00f3 nacional o internacional, la moral o l\u2019ordre p\u00fablic, procedint a la retirada immediata de la redirecci\u00f3 a aquest lloc web, posant en coneixement de les autoritats competents el contingut en q\u00fcesti\u00f3.<\/p>\n\n\n\n<p>El Responsable no es fa responsable de la informaci\u00f3 i continguts emmagatzemats, a t\u00edtol enunciatiu per\u00f2 no limitatiu, en f\u00f2rums, xats, generadors de blocs, comentaris, xarxes socials o qualsevol altre mitj\u00e0 que permeti a tercers publicar continguts de forma independent a la p\u00e0gina web del Responsable. Tanmateix i en compliment del que disposa l\u2019art. 11 i 16 de la LSSICE, El Responsable es posa a disposici\u00f3 de tots els usuaris, autoritats i forces de seguretat, col\u00b7laborant de forma activa en la retirada o si s\u2019escau bloqueig de tots aquells continguts que poguessin afectar o contravenir la legislaci\u00f3 nacional, o internacional, drets de tercers o la moral i l\u2019ordre p\u00fablic. En cas que l\u2019usuari consideri que existeix al lloc web algun contingut que pogu\u00e9s ser susceptible d\u2019aquesta classificaci\u00f3,<\/p>\n\n\n\n<p>Aquest lloc web ha estat revisat i provat perqu\u00e8 funcioni correctament. En principi, es pot garantir el correcte funcionament els 365 dies de l\u2019any, 24 hores al dia. Tanmateix, El Responsable no descarta la possibilitat que existeixin certs errors de programaci\u00f3, o que esdevinguin causes de for\u00e7a major, cat\u00e0strofes naturals, vagues, o circumst\u00e0ncies similars que facin impossible l\u2019acc\u00e9s a la p\u00e0gina web.<\/p>\n\n\n\n<h2 class=\"wp-block-heading\">Protecci\u00f3 de dades<\/h2>\n\n\n\n<p>El Responsable es troba profundament comprom\u00e8s en el compliment del que disposa la normativa vigent en mat\u00e8ria de protecci\u00f3 de dades, i en el context del nou marc normatiu establert en virtut del que disposa el Reglament (UE) 2016\/679 del Parlament Europeu i del Consell , de 27 d\u2019abril de 2016, relatiu a la protecci\u00f3 de les persones f\u00edsiques pel que fa al tractament de dades personals i la lliure circulaci\u00f3 d\u2019aquestes dades (d\u2019ara endavant, el RGPD), i la normativa nacional en mat\u00e8ria de protecci\u00f3 de dades de car\u00e0cter personal.<\/p>\n\n\n\n<p>Aix\u00ed mateix, El Responsable informa que compleix amb la Llei 34\/2002 d\u201911 de juliol, de Serveis de la Societat de la Informaci\u00f3 i el Comer\u00e7 Electr\u00f2nic i li sol\u00b7licitar\u00e0 el consentiment al tractament de les seves dades amb fins comercials en cada moment.<\/p>\n\n\n\n<h2 class=\"wp-block-heading\">Propietat intel\u00b7lectual i industrial<\/h2>\n\n\n\n<p>El lloc web, incloent a t\u00edtol enunciatiu per\u00f2 no limitatiu la seva programaci\u00f3, edici\u00f3, compilaci\u00f3 i altres elements necessaris per al seu funcionament, els dissenys, logotips, textos i\/o gr\u00e0fics s\u00f3n propietat del Responsable o si escau disposa de llic\u00e8ncia o autoritzaci\u00f3 expressa per part dels autors. Tots els continguts del lloc web estan degudament protegits per la normativa de propietat intel\u00b7lectual i industrial. Independentment de la finalitat per a la qual fossin destinats, la reproducci\u00f3 total o parcial, \u00fas, explotaci\u00f3, distribuci\u00f3 i comercialitzaci\u00f3 requereix en tot cas l\u2019autoritzaci\u00f3 escrita pr\u00e8via per part del Responsable.&nbsp;<\/p>\n\n\n\n<p>Qualsevol \u00fas no autoritzat pr\u00e8viament pel responsable ser\u00e0 considerat un incompliment greu dels drets de propietat intel\u00b7lectual o industrial de l\u2019autor. Els dissenys, logotips, textos i\/o gr\u00e0fics aliens al prestador i que poguessin apar\u00e8ixer al lloc web, pertanyen als seus respectius propietaris, essent ells mateixos responsables de qualsevol possible controv\u00e8rsia que pogu\u00e9s suscitar-se respecte a aquests. En tot cas, El Responsable compta amb l\u2019autoritzaci\u00f3 expressa i pr\u00e8via per part dels mateixos.&nbsp;<\/p>\n\n\n\n<p>El Responsable autoritza expressament que tercers puguin redirigir directament als continguts concrets del lloc web, i en tot cas ha de redirigir a la p\u00e0gina principal del lloc web del Responsable.&nbsp;El Responsable reconeix a favor dels seus titulars els corresponents drets de propietat intel\u00b7lectual i industrial, i no implica la seva sola menci\u00f3 o aparici\u00f3 al lloc web l\u2019exist\u00e8ncia de drets o responsabilitat del Responsable sobre aquests, com tampoc suport, patrocini o recomanaci\u00f3 per la seva part.&nbsp;Per a totes aquelles imatges en qu\u00e8 el programari de disseny ho permet, s\u2019han incl\u00f2s les refer\u00e8ncies corresponents a l\u2019autoria i la llic\u00e8ncia corresponent.&nbsp;<\/p>\n\n\n\n<p>Per realitzar qualsevol tipus d\u2019observaci\u00f3 respecte a possibles incompliments dels drets de propietat intel\u00b7lectual o industrial, aix\u00ed com sobre qualsevol dels continguts del lloc web, pot fer-ho a trav\u00e9s del correu <a href=\"mailto:hola@grapastudio.net\">hola@grapastudio.net<\/a>.<\/p>","protected":false},"excerpt":{"rendered":"<p>Responsable del tractament de les dades En compliment del deure d\u2019informaci\u00f3 que estableix la Llei 34\/2002, de l\u201911 de juliol, de Serveis de la Societat de la Informaci\u00f3 i del Comer\u00e7 Electr\u00f2nic, li comuniquem que aquesta web \u00e9s titularitat de: Tel. E-mail: Objecte El Responsable posa a disposici\u00f3 dels usuaris aquest document amb el qual [&hellip;]<\/p>\n","protected":false},"author":4,"featured_media":0,"parent":0,"menu_order":0,"comment_status":"closed","ping_status":"closed","template":"","meta":{"_acf_changed":false,"footnotes":""},"class_list":["post-465","page","type-page","status-publish","hentry"],"acf":[],"_links":{"self":[{"href":"https:\/\/grapastudio.net\/es\/wp-json\/wp\/v2\/pages\/465","targetHints":{"allow":["GET"]}}],"collection":[{"href":"https:\/\/grapastudio.net\/es\/wp-json\/wp\/v2\/pages"}],"about":[{"href":"https:\/\/grapastudio.net\/es\/wp-json\/wp\/v2\/types\/page"}],"author":[{"embeddable":true,"href":"https:\/\/grapastudio.net\/es\/wp-json\/wp\/v2\/users\/4"}],"replies":[{"embeddable":true,"href":"https:\/\/grapastudio.net\/es\/wp-json\/wp\/v2\/comments?post=465"}],"version-history":[{"count":10,"href":"https:\/\/grapastudio.net\/es\/wp-json\/wp\/v2\/pages\/465\/revisions"}],"predecessor-version":[{"id":669,"href":"https:\/\/grapastudio.net\/es\/wp-json\/wp\/v2\/pages\/465\/revisions\/669"}],"wp:attachment":[{"href":"https:\/\/grapastudio.net\/es\/wp-json\/wp\/v2\/media?parent=465"}],"curies":[{"name":"wp","href":"https:\/\/api.w.org\/{rel}","templated":true}]}}