{"id":1264,"date":"2026-02-03T11:37:17","date_gmt":"2026-02-03T11:37:17","guid":{"rendered":"https:\/\/grapastudio.net\/?page_id=1264"},"modified":"2026-03-03T07:34:44","modified_gmt":"2026-03-03T07:34:44","slug":"sobre-grapa","status":"publish","type":"page","link":"https:\/\/grapastudio.net\/es\/sobre-grapa\/","title":{"rendered":"Sobre grapa"},"content":{"rendered":"<div data-elementor-type=\"wp-page\" data-elementor-id=\"1264\" class=\"elementor elementor-1264\" data-elementor-post-type=\"page\">\n\t\t\t\t<div class=\"elementor-element elementor-element-f6e5687 e-flex e-con-boxed e-con e-parent\" data-id=\"f6e5687\" data-element_type=\"container\" data-e-type=\"container\" data-settings=\"{&quot;background_background&quot;:&quot;classic&quot;}\">\n\t\t\t\t\t<div class=\"e-con-inner\">\n\t\t<div class=\"elementor-element elementor-element-9396247 e-flex e-con-boxed e-con e-child\" data-id=\"9396247\" data-element_type=\"container\" data-e-type=\"container\">\n\t\t\t\t\t<div class=\"e-con-inner\">\n\t\t\t\t<div class=\"elementor-element elementor-element-f39bc54 elementor-widget elementor-widget-heading\" data-id=\"f39bc54\" data-element_type=\"widget\" data-e-type=\"widget\" data-widget_type=\"heading.default\">\n\t\t\t\t\t<span class=\"elementor-heading-title elementor-size-default\"> Artesan\u00eda y confort:<\/span>\t\t\t\t<\/div>\n\t\t\t\t<div class=\"elementor-element elementor-element-650ca9b elementor-widget elementor-widget-heading\" data-id=\"650ca9b\" data-element_type=\"widget\" data-e-type=\"widget\" data-widget_type=\"heading.default\">\n\t\t\t\t\t<h1 class=\"elementor-heading-title elementor-size-default\">Proyectos de interiorismo con alma <\/h1>\t\t\t\t<\/div>\n\t\t\t\t\t<\/div>\n\t\t\t\t<\/div>\n\t\t\t\t\t<\/div>\n\t\t\t\t<\/div>\n\t\t<div class=\"elementor-element elementor-element-4a1efd3 e-flex e-con-boxed e-con e-parent\" data-id=\"4a1efd3\" data-element_type=\"container\" data-e-type=\"container\" data-settings=\"{&quot;background_background&quot;:&quot;classic&quot;}\">\n\t\t\t\t\t<div class=\"e-con-inner\">\n\t\t<div class=\"elementor-element elementor-element-d81cc38 e-grid e-con-full e-con e-child\" data-id=\"d81cc38\" data-element_type=\"container\" data-e-type=\"container\">\n\t\t<div class=\"elementor-element elementor-element-7ca516c e-con-full e-flex e-con e-child\" data-id=\"7ca516c\" data-element_type=\"container\" data-e-type=\"container\">\n\t\t\t\t<div class=\"elementor-element elementor-element-b667123 elementor-widget elementor-widget-heading\" data-id=\"b667123\" data-element_type=\"widget\" data-e-type=\"widget\" data-widget_type=\"heading.default\">\n\t\t\t\t\t<h2 class=\"elementor-heading-title elementor-size-default\">filosof\u00eda <br>y car\u00e1cter<\/h2>\t\t\t\t<\/div>\n\t\t\t\t<\/div>\n\t\t\t\t<\/div>\n\t\t<div class=\"elementor-element elementor-element-58cf7f7 e-grid e-con-full e-con e-child\" data-id=\"58cf7f7\" data-element_type=\"container\" data-e-type=\"container\" data-settings=\"{&quot;background_background&quot;:&quot;classic&quot;}\">\n\t\t<div class=\"elementor-element elementor-element-3656abe e-con-full e-flex e-con e-child\" data-id=\"3656abe\" data-element_type=\"container\" data-e-type=\"container\">\n\t\t\t\t<div class=\"elementor-element elementor-element-6553ca4 elementor-widget elementor-widget-text-editor\" data-id=\"6553ca4\" data-element_type=\"widget\" data-e-type=\"widget\" data-widget_type=\"text-editor.default\">\n\t\t\t\t\t\t\t\t\t<p>Las creaciones de Grapa van del taller al cliente final sin intermediarios. Como estudio de dise\u00f1o, ofrecemos un servicio integral en el desarrollo de proyectos de interiorismo y dise\u00f1o de producto personalizado en madera. Creemos en la empat\u00eda hacia nuestros clientes para entender sus necesidades; una premisa que nos permite conceptualizar, dise\u00f1ar y materializar espacios o productos atemporales para personas que aprecian la calidad y la nobleza de una ebanister\u00eda singular.<\/p>\t\t\t\t\t\t\t\t<\/div>\n\t\t\t\t<\/div>\n\t\t<div class=\"elementor-element elementor-element-d8ca90f e-con-full e-flex e-con e-child\" data-id=\"d8ca90f\" data-element_type=\"container\" data-e-type=\"container\">\n\t\t\t\t<div class=\"elementor-element elementor-element-a13663f elementor-widget elementor-widget-image\" data-id=\"a13663f\" data-element_type=\"widget\" data-e-type=\"widget\" data-widget_type=\"image.default\">\n\t\t\t\t\t\t\t\t\t\t\t\t\t\t\t<img fetchpriority=\"high\" decoding=\"async\" width=\"800\" height=\"734\" src=\"https:\/\/grapastudio.net\/wp-content\/uploads\/2026\/01\/test-1024x940.jpg\" class=\"attachment-large size-large wp-image-1010\" alt=\"\" srcset=\"https:\/\/grapastudio.net\/wp-content\/uploads\/2026\/01\/test-1024x940.jpg 1024w, https:\/\/grapastudio.net\/wp-content\/uploads\/2026\/01\/test-768x705.jpg 768w, https:\/\/grapastudio.net\/wp-content\/uploads\/2026\/01\/test-1536x1410.jpg 1536w, https:\/\/grapastudio.net\/wp-content\/uploads\/2026\/01\/test.jpg 1544w\" sizes=\"(max-width: 800px) 100vw, 800px\" \/>\t\t\t\t\t\t\t\t\t\t\t\t\t\t\t<\/div>\n\t\t\t\t<\/div>\n\t\t\t\t<\/div>\n\t\t\t\t\t<\/div>\n\t\t\t\t<\/div>\n\t\t<div class=\"elementor-element elementor-element-0f534f9 e-flex e-con-boxed e-con e-parent\" data-id=\"0f534f9\" data-element_type=\"container\" data-e-type=\"container\" data-settings=\"{&quot;background_background&quot;:&quot;classic&quot;}\">\n\t\t\t\t\t<div class=\"e-con-inner\">\n\t\t\t\t<div class=\"elementor-element elementor-element-dfe8d8e elementor-widget elementor-widget-heading\" data-id=\"dfe8d8e\" data-element_type=\"widget\" data-e-type=\"widget\" data-widget_type=\"heading.default\">\n\t\t\t\t\t<h2 class=\"elementor-heading-title elementor-size-default\">Proyectos de interiorismo y mobiliario a medida<\/h2>\t\t\t\t<\/div>\n\t\t\t\t<div class=\"elementor-element elementor-element-bc7d89b elementor-widget__width-initial elementor-widget elementor-widget-text-editor\" data-id=\"bc7d89b\" data-element_type=\"widget\" data-e-type=\"widget\" data-widget_type=\"text-editor.default\">\n\t\t\t\t\t\t\t\t\t<p>Ofrecemos una gesti\u00f3n integral que abarca desde la idea inicial hasta la ejecuci\u00f3n y el montaje final, garantizando la coherencia en cada detalle del espacio.<\/p>\t\t\t\t\t\t\t\t<\/div>\n\t\t<div class=\"elementor-element elementor-element-af8ac98 e-grid e-con-full e-con e-child\" data-id=\"af8ac98\" data-element_type=\"container\" data-e-type=\"container\" data-settings=\"{&quot;background_background&quot;:&quot;classic&quot;}\">\n\t\t<div class=\"elementor-element elementor-element-f611deb e-con-full e-flex e-con e-child\" data-id=\"f611deb\" data-element_type=\"container\" data-e-type=\"container\">\n\t\t\t\t<div class=\"elementor-element elementor-element-01cc487 elementor-widget elementor-widget-text-editor\" data-id=\"01cc487\" data-element_type=\"widget\" data-e-type=\"widget\" data-widget_type=\"text-editor.default\">\n\t\t\t\t\t\t\t\t\t<p>Dise\u00f1o<\/p>\t\t\t\t\t\t\t\t<\/div>\n\t\t\t\t<\/div>\n\t\t<div class=\"elementor-element elementor-element-52383c3 e-con-full e-flex e-con e-child\" data-id=\"52383c3\" data-element_type=\"container\" data-e-type=\"container\">\n\t\t\t\t<div class=\"elementor-element elementor-element-8f95f59 elementor-widget elementor-widget-image\" data-id=\"8f95f59\" data-element_type=\"widget\" data-e-type=\"widget\" data-widget_type=\"image.default\">\n\t\t\t\t\t\t\t\t\t\t\t\t\t\t\t<img decoding=\"async\" width=\"2560\" height=\"1129\" src=\"https:\/\/grapastudio.net\/wp-content\/uploads\/2026\/02\/serveis-img-scaled-1.png\" class=\"attachment-full size-full wp-image-1394\" alt=\"\" srcset=\"https:\/\/grapastudio.net\/wp-content\/uploads\/2026\/02\/serveis-img-scaled-1.png 2560w, https:\/\/grapastudio.net\/wp-content\/uploads\/2026\/02\/serveis-img-scaled-1-1024x452.png 1024w, https:\/\/grapastudio.net\/wp-content\/uploads\/2026\/02\/serveis-img-scaled-1-768x339.png 768w, https:\/\/grapastudio.net\/wp-content\/uploads\/2026\/02\/serveis-img-scaled-1-1536x677.png 1536w, https:\/\/grapastudio.net\/wp-content\/uploads\/2026\/02\/serveis-img-scaled-1-2048x903.png 2048w\" sizes=\"(max-width: 2560px) 100vw, 2560px\" \/>\t\t\t\t\t\t\t\t\t\t\t\t\t\t\t<\/div>\n\t\t\t\t<\/div>\n\t\t<div class=\"elementor-element elementor-element-893ba52 e-con-full e-flex e-con e-child\" data-id=\"893ba52\" data-element_type=\"container\" data-e-type=\"container\">\n\t\t\t\t<div class=\"elementor-element elementor-element-444338a elementor-widget elementor-widget-text-editor\" data-id=\"444338a\" data-element_type=\"widget\" data-e-type=\"widget\" data-widget_type=\"text-editor.default\">\n\t\t\t\t\t\t\t\t\t<p>Montaje<\/p>\t\t\t\t\t\t\t\t<\/div>\n\t\t\t\t<\/div>\n\t\t\t\t<\/div>\n\t\t\t\t\t<\/div>\n\t\t\t\t<\/div>\n\t\t<div class=\"elementor-element elementor-element-ef7aa4e e-flex e-con-boxed e-con e-parent\" data-id=\"ef7aa4e\" data-element_type=\"container\" data-e-type=\"container\" data-settings=\"{&quot;background_background&quot;:&quot;classic&quot;}\">\n\t\t\t\t\t<div class=\"e-con-inner\">\n\t\t<div class=\"elementor-element elementor-element-26959a4 e-grid e-con-full e-con e-child\" data-id=\"26959a4\" data-element_type=\"container\" data-e-type=\"container\">\n\t\t<div class=\"elementor-element elementor-element-9431544 e-con-full e-flex e-con e-child\" data-id=\"9431544\" data-element_type=\"container\" data-e-type=\"container\">\n\t\t\t\t<div class=\"elementor-element elementor-element-451277b elementor-widget elementor-widget-heading\" data-id=\"451277b\" data-element_type=\"widget\" data-e-type=\"widget\" data-widget_type=\"heading.default\">\n\t\t\t\t\t<h2 class=\"elementor-heading-title elementor-size-default\">el legado<\/h2>\t\t\t\t<\/div>\n\t\t\t\t<\/div>\n\t\t\t\t<\/div>\n\t\t<div class=\"elementor-element elementor-element-78a8391 e-grid e-con-full e-con e-child\" data-id=\"78a8391\" data-element_type=\"container\" data-e-type=\"container\" data-settings=\"{&quot;background_background&quot;:&quot;classic&quot;}\">\n\t\t<div class=\"elementor-element elementor-element-e8a8467 e-con-full e-flex e-con e-child\" data-id=\"e8a8467\" data-element_type=\"container\" data-e-type=\"container\">\n\t\t\t\t<div class=\"elementor-element elementor-element-3ecc08a elementor-widget elementor-widget-text-editor\" data-id=\"3ecc08a\" data-element_type=\"widget\" data-e-type=\"widget\" data-widget_type=\"text-editor.default\">\n\t\t\t\t\t\t\t\t\t<p>Entender de d\u00f3nde parte Grapa Studio significa comprender la trayectoria de Joan Rivas, un ebanista emprendedor que comenz\u00f3 en 1977 en un peque\u00f1o taller de ebanister\u00eda. Si algo lo distingu\u00eda de la mayor\u00eda de carpinteros de la \u00e9poca, era el control de todo el proceso productivo: desde la venta y el dise\u00f1o hasta la producci\u00f3n y el montaje final. Un trabajo artesanal hibridado con el acto de proyectar.<\/p>\t\t\t\t\t\t\t\t<\/div>\n\t\t\t\t<\/div>\n\t\t<div class=\"elementor-element elementor-element-9c48867 e-con-full e-flex e-con e-child\" data-id=\"9c48867\" data-element_type=\"container\" data-e-type=\"container\">\n\t\t\t\t<div class=\"elementor-element elementor-element-111b446 elementor-widget elementor-widget-image\" data-id=\"111b446\" data-element_type=\"widget\" data-e-type=\"widget\" data-widget_type=\"image.default\">\n\t\t\t\t\t\t\t\t\t\t\t\t\t\t\t<img decoding=\"async\" width=\"800\" height=\"535\" src=\"https:\/\/grapastudio.net\/wp-content\/uploads\/2026\/01\/ing-llegat-1024x685.jpg\" class=\"attachment-large size-large wp-image-1108\" alt=\"\" srcset=\"https:\/\/grapastudio.net\/wp-content\/uploads\/2026\/01\/ing-llegat-1024x685.jpg 1024w, https:\/\/grapastudio.net\/wp-content\/uploads\/2026\/01\/ing-llegat-768x513.jpg 768w, https:\/\/grapastudio.net\/wp-content\/uploads\/2026\/01\/ing-llegat.jpg 1400w\" sizes=\"(max-width: 800px) 100vw, 800px\" \/>\t\t\t\t\t\t\t\t\t\t\t\t\t\t\t<\/div>\n\t\t\t\t<\/div>\n\t\t\t\t<\/div>\n\t\t<div class=\"elementor-element elementor-element-30240c5 e-grid e-con-full e-con e-child\" data-id=\"30240c5\" data-element_type=\"container\" data-e-type=\"container\" data-settings=\"{&quot;background_background&quot;:&quot;classic&quot;}\">\n\t\t<div class=\"elementor-element elementor-element-1a105d6 e-con-full e-flex e-con e-child\" data-id=\"1a105d6\" data-element_type=\"container\" data-e-type=\"container\">\n\t\t\t\t<div class=\"elementor-element elementor-element-0dc6b56 elementor-widget elementor-widget-image\" data-id=\"0dc6b56\" data-element_type=\"widget\" data-e-type=\"widget\" data-widget_type=\"image.default\">\n\t\t\t\t\t\t\t\t\t\t\t\t\t\t\t<img loading=\"lazy\" decoding=\"async\" width=\"800\" height=\"534\" src=\"https:\/\/grapastudio.net\/wp-content\/uploads\/2026\/01\/ing-llegat-2-1024x683.jpg\" class=\"attachment-large size-large wp-image-1109\" alt=\"\" srcset=\"https:\/\/grapastudio.net\/wp-content\/uploads\/2026\/01\/ing-llegat-2-1024x683.jpg 1024w, https:\/\/grapastudio.net\/wp-content\/uploads\/2026\/01\/ing-llegat-2-768x512.jpg 768w, https:\/\/grapastudio.net\/wp-content\/uploads\/2026\/01\/ing-llegat-2-1536x1024.jpg 1536w, https:\/\/grapastudio.net\/wp-content\/uploads\/2026\/01\/ing-llegat-2-2048x1365.jpg 2048w\" sizes=\"(max-width: 800px) 100vw, 800px\" \/>\t\t\t\t\t\t\t\t\t\t\t\t\t\t\t<\/div>\n\t\t\t\t<\/div>\n\t\t<div class=\"elementor-element elementor-element-1695126 e-con-full e-flex e-con e-child\" data-id=\"1695126\" data-element_type=\"container\" data-e-type=\"container\">\n\t\t\t\t<div class=\"elementor-element elementor-element-7883ef2 elementor-widget elementor-widget-text-editor\" data-id=\"7883ef2\" data-element_type=\"widget\" data-e-type=\"widget\" data-widget_type=\"text-editor.default\">\n\t\t\t\t\t\t\t\t\t<p>Desde entonces, el camino ha evolucionado hibridando tecnolog\u00eda y oficio, con la madera como protagonista. Este bagaje culmina en nuestro m\u00e9todo actual en Grapa Studio, donde el <strong>dise\u00f1o de espacios y mobiliario<\/strong> tiene una identidad contempor\u00e1nea. Somos un equipo que busca el equilibrio perfecto entre dise\u00f1o, arte y artesan\u00eda, dando respuesta a las necesidades del mercado a trav\u00e9s de la autoedici\u00f3n de piezas que dotan de car\u00e1cter cualquier ambiente.<\/p>\t\t\t\t\t\t\t\t<\/div>\n\t\t\t\t<\/div>\n\t\t\t\t<\/div>\n\t\t\t\t\t<\/div>\n\t\t\t\t<\/div>\n\t\t<div class=\"elementor-element elementor-element-4b32af9 e-flex e-con-boxed e-con e-parent\" data-id=\"4b32af9\" data-element_type=\"container\" data-e-type=\"container\" data-settings=\"{&quot;background_background&quot;:&quot;classic&quot;}\">\n\t\t\t\t\t<div class=\"e-con-inner\">\n\t\t\t\t<div class=\"elementor-element elementor-element-3fbb86c elementor-widget elementor-widget-heading\" data-id=\"3fbb86c\" data-element_type=\"widget\" data-e-type=\"widget\" data-widget_type=\"heading.default\">\n\t\t\t\t\t<h2 class=\"elementor-heading-title elementor-size-default\">El m\u00e9todo para nuestros proyectos de interiorismo<\/h2>\t\t\t\t<\/div>\n\t\t\t\t\t<\/div>\n\t\t\t\t<\/div>\n\t\t<div class=\"elementor-element elementor-element-9a0fde7 e-flex e-con-boxed e-con e-parent\" data-id=\"9a0fde7\" data-element_type=\"container\" data-e-type=\"container\" data-settings=\"{&quot;background_background&quot;:&quot;classic&quot;}\">\n\t\t\t\t\t<div class=\"e-con-inner\">\n\t\t<div class=\"elementor-element elementor-element-21c0d3a e-con-full e-flex e-con e-child\" data-id=\"21c0d3a\" data-element_type=\"container\" data-e-type=\"container\">\n\t\t<div class=\"elementor-element elementor-element-c0e80a0 e-con-full e-flex e-con e-child\" data-id=\"c0e80a0\" data-element_type=\"container\" data-e-type=\"container\" data-settings=\"{&quot;background_background&quot;:&quot;classic&quot;}\">\n\t\t\t\t<div class=\"elementor-element elementor-element-cf726b0 elementor-widget elementor-widget-heading\" data-id=\"cf726b0\" data-element_type=\"widget\" data-e-type=\"widget\" data-widget_type=\"heading.default\">\n\t\t\t\t\t<span class=\"elementor-heading-title elementor-size-default\">Estrategia<\/span>\t\t\t\t<\/div>\n\t\t\t\t<div class=\"elementor-element elementor-element-faea32a elementor-widget elementor-widget-heading\" data-id=\"faea32a\" data-element_type=\"widget\" data-e-type=\"widget\" data-widget_type=\"heading.default\">\n\t\t\t\t\t<span class=\"elementor-heading-title elementor-size-default\">Dise\u00f1o<\/span>\t\t\t\t<\/div>\n\t\t\t\t<div class=\"elementor-element elementor-element-24dca80 elementor-widget elementor-widget-heading\" data-id=\"24dca80\" data-element_type=\"widget\" data-e-type=\"widget\" data-widget_type=\"heading.default\">\n\t\t\t\t\t<span class=\"elementor-heading-title elementor-size-default\">Materializaci\u00f3n<\/span>\t\t\t\t<\/div>\n\t\t\t\t<\/div>\n\t\t\t\t<\/div>\n\t\t\t\t<div class=\"elementor-element elementor-element-74d4558 elementor-widget elementor-widget-image\" data-id=\"74d4558\" data-element_type=\"widget\" data-e-type=\"widget\" data-widget_type=\"image.default\">\n\t\t\t\t\t\t\t\t\t\t\t\t\t\t\t<img loading=\"lazy\" decoding=\"async\" width=\"2560\" height=\"1014\" src=\"https:\/\/grapastudio.net\/wp-content\/uploads\/2026\/02\/Grapa-Icones-scaled.png\" class=\"attachment-full size-full wp-image-1398\" alt=\"\" srcset=\"https:\/\/grapastudio.net\/wp-content\/uploads\/2026\/02\/Grapa-Icones-scaled.png 2560w, https:\/\/grapastudio.net\/wp-content\/uploads\/2026\/02\/Grapa-Icones-1024x406.png 1024w, https:\/\/grapastudio.net\/wp-content\/uploads\/2026\/02\/Grapa-Icones-768x304.png 768w, https:\/\/grapastudio.net\/wp-content\/uploads\/2026\/02\/Grapa-Icones-1536x609.png 1536w, https:\/\/grapastudio.net\/wp-content\/uploads\/2026\/02\/Grapa-Icones-2048x811.png 2048w\" sizes=\"(max-width: 2560px) 100vw, 2560px\" \/>\t\t\t\t\t\t\t\t\t\t\t\t\t\t\t<\/div>\n\t\t<div class=\"elementor-element elementor-element-ea44152 e-grid e-con-full e-con e-child\" data-id=\"ea44152\" data-element_type=\"container\" data-e-type=\"container\">\n\t\t<div class=\"elementor-element elementor-element-768d81f e-con-full e-flex e-con e-child\" data-id=\"768d81f\" data-element_type=\"container\" data-e-type=\"container\">\n\t\t\t\t<div class=\"elementor-element elementor-element-8ab4abf elementor-widget elementor-widget-icon-box\" data-id=\"8ab4abf\" data-element_type=\"widget\" data-e-type=\"widget\" data-widget_type=\"icon-box.default\">\n\t\t\t\t\t\t\t<div class=\"elementor-icon-box-wrapper\">\n\n\t\t\t\n\t\t\t\t\t\t<div class=\"elementor-icon-box-content\">\n\n\t\t\t\t\t\t\t\t\t<h3 class=\"elementor-icon-box-title\">\n\t\t\t\t\t\t<span  >\n\t\t\t\t\t\t\tAn\u00e1lisis <br>de necesidades\t\t\t\t\t\t<\/span>\n\t\t\t\t\t<\/h3>\n\t\t\t\t\n\t\t\t\t\t\t\t\t\t<p class=\"elementor-icon-box-description\">\n\t\t\t\t\t\tEscuchamos y entendemos el punto de partida.\t\t\t\t\t<\/p>\n\t\t\t\t\n\t\t\t<\/div>\n\t\t\t\n\t\t<\/div>\n\t\t\t\t\t\t<\/div>\n\t\t\t\t<\/div>\n\t\t<div class=\"elementor-element elementor-element-940cc0f e-con-full e-flex e-con e-child\" data-id=\"940cc0f\" data-element_type=\"container\" data-e-type=\"container\">\n\t\t\t\t<div class=\"elementor-element elementor-element-785f629 elementor-widget elementor-widget-icon-box\" data-id=\"785f629\" data-element_type=\"widget\" data-e-type=\"widget\" data-widget_type=\"icon-box.default\">\n\t\t\t\t\t\t\t<div class=\"elementor-icon-box-wrapper\">\n\n\t\t\t\n\t\t\t\t\t\t<div class=\"elementor-icon-box-content\">\n\n\t\t\t\t\t\t\t\t\t<h3 class=\"elementor-icon-box-title\">\n\t\t\t\t\t\t<span  >\n\t\t\t\t\t\t\tConceptualizaci\u00f3n <br> ideaci\u00f3n\t\t\t\t\t\t<\/span>\n\t\t\t\t\t<\/h3>\n\t\t\t\t\n\t\t\t\t\t\t\t\t\t<p class=\"elementor-icon-box-description\">\n\t\t\t\t\t\tDefinimos el alma del proyecto de interiorismo.\t\t\t\t\t<\/p>\n\t\t\t\t\n\t\t\t<\/div>\n\t\t\t\n\t\t<\/div>\n\t\t\t\t\t\t<\/div>\n\t\t\t\t<\/div>\n\t\t<div class=\"elementor-element elementor-element-129317a e-con-full e-flex e-con e-child\" data-id=\"129317a\" data-element_type=\"container\" data-e-type=\"container\">\n\t\t\t\t<div class=\"elementor-element elementor-element-013c22e elementor-widget elementor-widget-icon-box\" data-id=\"013c22e\" data-element_type=\"widget\" data-e-type=\"widget\" data-widget_type=\"icon-box.default\">\n\t\t\t\t\t\t\t<div class=\"elementor-icon-box-wrapper\">\n\n\t\t\t\n\t\t\t\t\t\t<div class=\"elementor-icon-box-content\">\n\n\t\t\t\t\t\t\t\t\t<h3 class=\"elementor-icon-box-title\">\n\t\t\t\t\t\t<span  >\n\t\t\t\t\t\t\tPlanos <br>y renders\t\t\t\t\t\t<\/span>\n\t\t\t\t\t<\/h3>\n\t\t\t\t\n\t\t\t\t\t\t\t\t\t<p class=\"elementor-icon-box-description\">\n\t\t\t\t\t\tDamos forma visual a las ideas.\t\t\t\t\t<\/p>\n\t\t\t\t\n\t\t\t<\/div>\n\t\t\t\n\t\t<\/div>\n\t\t\t\t\t\t<\/div>\n\t\t\t\t<\/div>\n\t\t<div class=\"elementor-element elementor-element-85c2ecc e-con-full e-flex e-con e-child\" data-id=\"85c2ecc\" data-element_type=\"container\" data-e-type=\"container\">\n\t\t\t\t<div class=\"elementor-element elementor-element-e0c480c elementor-widget elementor-widget-icon-box\" data-id=\"e0c480c\" data-element_type=\"widget\" data-e-type=\"widget\" data-widget_type=\"icon-box.default\">\n\t\t\t\t\t\t\t<div class=\"elementor-icon-box-wrapper\">\n\n\t\t\t\n\t\t\t\t\t\t<div class=\"elementor-icon-box-content\">\n\n\t\t\t\t\t\t\t\t\t<h3 class=\"elementor-icon-box-title\">\n\t\t\t\t\t\t<span  >\n\t\t\t\t\t\t\tMateriales <br>y acabados \t\t\t\t\t\t<\/span>\n\t\t\t\t\t<\/h3>\n\t\t\t\t\n\t\t\t\t\t\t\t\t\t<p class=\"elementor-icon-box-description\">\n\t\t\t\t\t\tSelecci\u00f3n noble y detalle t\u00e9cnico.\t\t\t\t\t<\/p>\n\t\t\t\t\n\t\t\t<\/div>\n\t\t\t\n\t\t<\/div>\n\t\t\t\t\t\t<\/div>\n\t\t\t\t<\/div>\n\t\t<div class=\"elementor-element elementor-element-e72da29 e-con-full e-flex e-con e-child\" data-id=\"e72da29\" data-element_type=\"container\" data-e-type=\"container\">\n\t\t\t\t<div class=\"elementor-element elementor-element-c607c68 elementor-widget elementor-widget-icon-box\" data-id=\"c607c68\" data-element_type=\"widget\" data-e-type=\"widget\" data-widget_type=\"icon-box.default\">\n\t\t\t\t\t\t\t<div class=\"elementor-icon-box-wrapper\">\n\n\t\t\t\n\t\t\t\t\t\t<div class=\"elementor-icon-box-content\">\n\n\t\t\t\t\t\t\t\t\t<h3 class=\"elementor-icon-box-title\">\n\t\t\t\t\t\t<span  >\n\t\t\t\t\t\t\tEjecuci\u00f3n <br>en taller\t\t\t\t\t\t<\/span>\n\t\t\t\t\t<\/h3>\n\t\t\t\t\n\t\t\t\t\t\t\t\t\t<p class=\"elementor-icon-box-description\">\n\t\t\t\t\t\tArtesan\u00eda y precisi\u00f3n en la fabricaci\u00f3n.\t\t\t\t\t<\/p>\n\t\t\t\t\n\t\t\t<\/div>\n\t\t\t\n\t\t<\/div>\n\t\t\t\t\t\t<\/div>\n\t\t\t\t<\/div>\n\t\t<div class=\"elementor-element elementor-element-1e113a8 e-con-full e-flex e-con e-child\" data-id=\"1e113a8\" data-element_type=\"container\" data-e-type=\"container\">\n\t\t\t\t<div class=\"elementor-element elementor-element-6087079 elementor-widget elementor-widget-icon-box\" data-id=\"6087079\" data-element_type=\"widget\" data-e-type=\"widget\" data-widget_type=\"icon-box.default\">\n\t\t\t\t\t\t\t<div class=\"elementor-icon-box-wrapper\">\n\n\t\t\t\n\t\t\t\t\t\t<div class=\"elementor-icon-box-content\">\n\n\t\t\t\t\t\t\t\t\t<h3 class=\"elementor-icon-box-title\">\n\t\t\t\t\t\t<span  >\n\t\t\t\t\t\t\tMontaje <br>e instalaci\u00f3n\t\t\t\t\t\t<\/span>\n\t\t\t\t\t<\/h3>\n\t\t\t\t\n\t\t\t\t\t\t\t\t\t<p class=\"elementor-icon-box-description\">\n\t\t\t\t\t\tCalidad al por menor en tu espacio.\t\t\t\t\t<\/p>\n\t\t\t\t\n\t\t\t<\/div>\n\t\t\t\n\t\t<\/div>\n\t\t\t\t\t\t<\/div>\n\t\t\t\t<\/div>\n\t\t\t\t<\/div>\n\t\t\t\t\t<\/div>\n\t\t\t\t<\/div>\n\t\t<div class=\"elementor-element elementor-element-663a168 e-flex e-con-boxed e-con e-parent\" data-id=\"663a168\" data-element_type=\"container\" data-e-type=\"container\" data-settings=\"{&quot;background_background&quot;:&quot;classic&quot;}\">\n\t\t\t\t\t<div class=\"e-con-inner\">\n\t\t\t\t<div class=\"elementor-element elementor-element-9ca6bf4 elementor-widget elementor-widget-text-editor\" data-id=\"9ca6bf4\" data-element_type=\"widget\" data-e-type=\"widget\" data-widget_type=\"text-editor.default\">\n\t\t\t\t\t\t\t\t\t<p>Queremos ser su referente de confianza a la hora de idear un dise\u00f1o confortable y duradero para personas con sensibilidad por el detalle, la elegancia y la calidad.<\/p>\t\t\t\t\t\t\t\t<\/div>\n\t\t\t\t\t<\/div>\n\t\t\t\t<\/div>\n\t\t\t\t<\/div>","protected":false},"excerpt":{"rendered":"<p>Artesania i confort: Projectes d&#8217;interiorisme amb \u00e0nima filosofia i car\u00e0cter Les creacions de Grapa van del taller al client final sense intermediaris. Com a estudi de disseny, oferim un servei integral en el desenvolupament de projectes d\u2019interiorisme i disseny de producte personalitzat amb fusta. Creiem en l\u2019empatia cap als nostres clients a fi d\u2019entendre les [&hellip;]<\/p>\n","protected":false},"author":4,"featured_media":0,"parent":0,"menu_order":0,"comment_status":"closed","ping_status":"closed","template":"elementor_header_footer","meta":{"_acf_changed":false,"footnotes":""},"class_list":["post-1264","page","type-page","status-publish","hentry"],"acf":[],"_links":{"self":[{"href":"https:\/\/grapastudio.net\/es\/wp-json\/wp\/v2\/pages\/1264","targetHints":{"allow":["GET"]}}],"collection":[{"href":"https:\/\/grapastudio.net\/es\/wp-json\/wp\/v2\/pages"}],"about":[{"href":"https:\/\/grapastudio.net\/es\/wp-json\/wp\/v2\/types\/page"}],"author":[{"embeddable":true,"href":"https:\/\/grapastudio.net\/es\/wp-json\/wp\/v2\/users\/4"}],"replies":[{"embeddable":true,"href":"https:\/\/grapastudio.net\/es\/wp-json\/wp\/v2\/comments?post=1264"}],"version-history":[{"count":15,"href":"https:\/\/grapastudio.net\/es\/wp-json\/wp\/v2\/pages\/1264\/revisions"}],"predecessor-version":[{"id":1477,"href":"https:\/\/grapastudio.net\/es\/wp-json\/wp\/v2\/pages\/1264\/revisions\/1477"}],"wp:attachment":[{"href":"https:\/\/grapastudio.net\/es\/wp-json\/wp\/v2\/media?parent=1264"}],"curies":[{"name":"wp","href":"https:\/\/api.w.org\/{rel}","templated":true}]}}