{"id":521,"date":"2025-11-06T12:21:08","date_gmt":"2025-11-06T12:21:08","guid":{"rendered":"https:\/\/grapastudio.net\/?page_id=521"},"modified":"2026-01-26T08:42:44","modified_gmt":"2026-01-26T08:42:44","slug":"accesibilitat","status":"publish","type":"page","link":"https:\/\/grapastudio.net\/en\/accesibilitat\/","title":{"rendered":"Accessibility"},"content":{"rendered":"<p>Grapa Studio s\u2019ha comprom\u00e8s a fer accessible el seu lloc web, de conformitat amb el Reial decret 1112\/2018, de 7 de setembre, sobre accessibilitat dels llocs web i aplicacions per a dispositius m\u00f2bils del sector p\u00fablic. Aquesta declaraci\u00f3 d\u2019accessibilitat s\u2019aplica a aquesta web.<\/p>\n\n\n\n<h2 class=\"wp-block-heading\">Situaci\u00f3 de compliment<\/h2>\n\n\n\n<p>Aquest lloc web est\u00e0 desenvolupat d\u2019acord amb el RD 1112\/2018<\/p>\n\n\n\n<h2 class=\"wp-block-heading\">Preparaci\u00f3 per a la seg\u00fcent declaraci\u00f3 d\u2019accessibilitat<\/h2>\n\n\n\n<p>Aquesta declaraci\u00f3 va ser preparada el 20 de maig de 2023. El m\u00e8tode emprat per preparar la declaraci\u00f3 ha estat una autoavaluaci\u00f3.<\/p>\n\n\n\n<h2 class=\"wp-block-heading\">Contingut opcional<\/h2>\n\n\n\n<p>Pot realitzar comunicacions sobre requisits d\u2019accessibilitat (article 10.2.a del RD 1112\/2018) com:<\/p>\n\n\n\n<ul class=\"wp-block-list\">\n<li>Informar sobre qualsevol possible incompliment per part d\u2019aquest lloc web<\/li>\n\n\n\n<li>Transmetre altres dificultats d\u2019acc\u00e9s al contingut<\/li>\n\n\n\n<li>Formular qualsevol altra consulta o suggeriment de millora relativa a l\u2019accessibilitat del lloc web a trav\u00e9s del&nbsp;<a href=\"https:\/\/sq92.onlinevalles.club\/contacte\">formulari de contacte<\/a>&nbsp;d\u2019aquest lloc web.<\/li>\n<\/ul>\n\n\n\n<p>Pot presentar:<\/p>\n\n\n\n<ul class=\"wp-block-list\">\n<li>Queixa relativa al compliment dels requisits del RD 1112\/2018<\/li>\n\n\n\n<li>Sol\u00b7licitud d\u2019informaci\u00f3 accessible relativa a:\n<ul class=\"wp-block-list\">\n<li>Continguts que estan exclosos de l\u2019\u00e0mbit d\u2019aplicaci\u00f3 del RD 1112\/2018 segons el que estableix l\u2019article 3, apartat 4<\/li>\n\n\n\n<li>Continguts que estan exempts del compliment dels requisits d\u2019accessibilitat per imposar una c\u00e0rrega desproporcionada<\/li>\n\n\n\n<li>En la Sol\u00b7licitud d\u2019informaci\u00f3 accessible, han de concretar-se, amb tota claredat, els fets, les raons i la petici\u00f3 que permetin constatar que es tracta d\u2019una sol\u00b7licitud raonable i leg\u00edtima.<\/li>\n<\/ul>\n<\/li>\n<\/ul>\n\n\n\n<p>Les queixes i reclamacions sobre informaci\u00f3 accessible es realitzaran a trav\u00e9s de la seu electr\u00f2nica (<a href=\"https:\/\/sede.red.gob.es\/procedimientos\/quejas-y-sugerencias\" target=\"_blank\" rel=\"noreferrer noopener\">https:\/\/sede.red.gob.es\/procedimientos\/quejas-y-sugerencias<\/a>), i seran rebudes i tractades per l\u2019\u00e0rea de Sistemes de la Informaci\u00f3 de Red.es.<\/p>\n\n\n\n<h2 class=\"wp-block-heading\">Observacions i dades de contacte<\/h2>\n\n\n\n<ul class=\"wp-block-list\">\n<li>Si desitja canviar la mida de lletra del text als principals navegadors gr\u00e0fics utilitzi els seg\u00fcents men\u00fas:<\/li>\n\n\n\n<li>Safari: Veure &gt; Fer el text m\u00e9s gran<\/li>\n\n\n\n<li>Chrome: Controla la p\u00e0gina actual &gt; Mida del text<\/li>\n<\/ul>\n\n\n\n<p>Per modificar la mida de tot a la p\u00e0gina:<\/p>\n\n\n\n<ul class=\"wp-block-list\">\n<li>Ctrl++ per augmentar-lo<\/li>\n\n\n\n<li>Ctrl + \u2013 per disminuir-lo<\/li>\n\n\n\n<li>Ctrl + 0 restaura la mida original del text<\/li>\n\n\n\n<li>Si el que desitja \u00e9s anul\u00b7lar la fulla d\u2019estils o modificar el color del text, pot consultar la p\u00e0gina How to Change Text Size o Colors de la WAI, que es pot llegir tradu\u00eft al catal\u00e0 en Com canviar la mida del text o colors?<\/li>\n<\/ul>","protected":false},"excerpt":{"rendered":"<p>s\u2019ha comprom\u00e8s a fer accessible el seu lloc web, de conformitat amb el Reial decret 1112\/2018, de 7 de setembre, sobre accessibilitat dels llocs web i aplicacions per a dispositius m\u00f2bils del sector p\u00fablic. Aquesta declaraci\u00f3 d\u2019accessibilitat s\u2019aplica a aquesta web. Situaci\u00f3 de compliment Aquest lloc web est\u00e0 desenvolupat d\u2019acord amb el RD 1112\/2018 Preparaci\u00f3 [&hellip;]<\/p>\n","protected":false},"author":4,"featured_media":0,"parent":0,"menu_order":0,"comment_status":"closed","ping_status":"closed","template":"","meta":{"_acf_changed":false,"footnotes":""},"class_list":["post-521","page","type-page","status-publish","hentry"],"acf":[],"_links":{"self":[{"href":"https:\/\/grapastudio.net\/en\/wp-json\/wp\/v2\/pages\/521","targetHints":{"allow":["GET"]}}],"collection":[{"href":"https:\/\/grapastudio.net\/en\/wp-json\/wp\/v2\/pages"}],"about":[{"href":"https:\/\/grapastudio.net\/en\/wp-json\/wp\/v2\/types\/page"}],"author":[{"embeddable":true,"href":"https:\/\/grapastudio.net\/en\/wp-json\/wp\/v2\/users\/4"}],"replies":[{"embeddable":true,"href":"https:\/\/grapastudio.net\/en\/wp-json\/wp\/v2\/comments?post=521"}],"version-history":[{"count":5,"href":"https:\/\/grapastudio.net\/en\/wp-json\/wp\/v2\/pages\/521\/revisions"}],"predecessor-version":[{"id":667,"href":"https:\/\/grapastudio.net\/en\/wp-json\/wp\/v2\/pages\/521\/revisions\/667"}],"wp:attachment":[{"href":"https:\/\/grapastudio.net\/en\/wp-json\/wp\/v2\/media?parent=521"}],"curies":[{"name":"wp","href":"https:\/\/api.w.org\/{rel}","templated":true}]}}